{"id":1808,"date":"2024-08-30T11:33:14","date_gmt":"2024-08-30T09:33:14","guid":{"rendered":"https:\/\/www.itasystem.com\/it\/?page_id=1808"},"modified":"2024-08-30T15:06:55","modified_gmt":"2024-08-30T13:06:55","slug":"whistleblowing","status":"publish","type":"page","link":"https:\/\/www.itasystem.com\/it\/whistleblowing\/","title":{"rendered":"Whistleblowing"},"content":{"rendered":"<h3>Canale di segnalazione<\/h3>\n<p>\u00c8 attiva una <a href=\"https:\/\/itasystem.whistleblowing.net\/\">nuova piattaforma<\/a> per la segnalazione di violazioni e di irregolarit\u00e0 nell\u2019ambito delle attivit\u00e0 dell\u2019Azienda che, attraverso modalit\u00e0 informatiche e strumenti di crittografia, garantisce la riservatezza dell\u2019identit\u00e0 del segnalante, delle persone coinvolte, nonch\u00e9 del contenuto della segnalazione e della relativa documentazione.<\/p>\n<p>&nbsp;<\/p>\n<p>&nbsp;<\/p>\n<p><strong>La gestione delle segnalazioni \u00e8 regolamentata dalla Procedura di Whistleblowing, alla quale si rimanda:<\/strong><\/p>\n","protected":false},"excerpt":{"rendered":"<p>Canale di segnalazione \u00c8 attiva una nuova piattaforma per la segnalazione di violazioni e di irregolarit\u00e0 nell\u2019ambito delle attivit\u00e0 dell\u2019Azienda che, attraverso modalit\u00e0 informatiche e strumenti di crittografia, garantisce la riservatezza dell\u2019identit\u00e0 del segnalante, delle persone coinvolte, nonch\u00e9 del contenuto della segnalazione e della relativa documentazione. &nbsp; &nbsp; La gestione delle segnalazioni \u00e8 regolamentata dalla &hellip; <a href=\"https:\/\/www.itasystem.com\/it\/whistleblowing\/\">Continua<\/a><\/p>\n","protected":false},"author":1,"featured_media":0,"parent":0,"menu_order":0,"comment_status":"closed","ping_status":"closed","template":"template-whistleblowing.php","meta":{"_acf_changed":false,"om_disable_all_campaigns":false,"inline_featured_image":false,"_monsterinsights_skip_tracking":false,"_monsterinsights_sitenote_active":false,"_monsterinsights_sitenote_note":"","_monsterinsights_sitenote_category":0,"_uf_show_specific_survey":0,"_uf_disable_surveys":false,"footnotes":""},"class_list":["post-1808","page","type-page","status-publish","hentry"],"acf":[],"yoast_head":"<!-- This site is optimized with the Yoast SEO plugin v27.3 - https:\/\/yoast.com\/product\/yoast-seo-wordpress\/ -->\n<title>Whistleblowing | Itasystem IT<\/title>\n<meta name=\"robots\" content=\"noindex, nofollow\" \/>\n<meta property=\"og:locale\" content=\"it_IT\" \/>\n<meta property=\"og:type\" content=\"article\" \/>\n<meta property=\"og:title\" content=\"Whistleblowing | Itasystem IT\" \/>\n<meta property=\"og:description\" content=\"Canale di segnalazione \u00c8 attiva una nuova piattaforma per la segnalazione di violazioni e di irregolarit\u00e0 nell\u2019ambito delle attivit\u00e0 dell\u2019Azienda che, attraverso modalit\u00e0 informatiche e strumenti di crittografia, garantisce la riservatezza dell\u2019identit\u00e0 del segnalante, delle persone coinvolte, nonch\u00e9 del contenuto della segnalazione e della relativa documentazione. &nbsp; &nbsp; La gestione delle segnalazioni \u00e8 regolamentata dalla &hellip; Continua\" \/>\n<meta property=\"og:url\" content=\"https:\/\/www.itasystem.com\/it\/whistleblowing\/\" \/>\n<meta property=\"og:site_name\" content=\"Itasystem IT\" \/>\n<meta property=\"article:publisher\" content=\"https:\/\/www.facebook.com\/Itasystem?locale=it_IT\" \/>\n<meta property=\"article:modified_time\" content=\"2024-08-30T13:06:55+00:00\" \/>\n<meta property=\"og:image\" content=\"https:\/\/www.itasystem.com\/it\/wp-content\/uploads\/sites\/3\/Headder-sigilli-e-etichette.jpg\" \/>\n\t<meta property=\"og:image:width\" content=\"1920\" \/>\n\t<meta property=\"og:image:height\" content=\"1080\" \/>\n\t<meta property=\"og:image:type\" content=\"image\/jpeg\" \/>\n<meta name=\"twitter:card\" content=\"summary_large_image\" \/>\n<meta name=\"twitter:label1\" content=\"Tempo di lettura stimato\" \/>\n\t<meta name=\"twitter:data1\" content=\"1 minuto\" \/>\n<script type=\"application\/ld+json\" class=\"yoast-schema-graph\">{\"@context\":\"https:\\\/\\\/schema.org\",\"@graph\":[{\"@type\":\"WebPage\",\"@id\":\"https:\\\/\\\/www.itasystem.com\\\/it\\\/whistleblowing\\\/\",\"url\":\"https:\\\/\\\/www.itasystem.com\\\/it\\\/whistleblowing\\\/\",\"name\":\"Whistleblowing | Itasystem IT\",\"isPartOf\":{\"@id\":\"https:\\\/\\\/www.itasystem.com\\\/it\\\/#website\"},\"datePublished\":\"2024-08-30T09:33:14+00:00\",\"dateModified\":\"2024-08-30T13:06:55+00:00\",\"breadcrumb\":{\"@id\":\"https:\\\/\\\/www.itasystem.com\\\/it\\\/whistleblowing\\\/#breadcrumb\"},\"inLanguage\":\"it-IT\",\"potentialAction\":[{\"@type\":\"ReadAction\",\"target\":[\"https:\\\/\\\/www.itasystem.com\\\/it\\\/whistleblowing\\\/\"]}]},{\"@type\":\"BreadcrumbList\",\"@id\":\"https:\\\/\\\/www.itasystem.com\\\/it\\\/whistleblowing\\\/#breadcrumb\",\"itemListElement\":[{\"@type\":\"ListItem\",\"position\":1,\"name\":\"Home\",\"item\":\"https:\\\/\\\/www.itasystem.com\\\/it\\\/\"},{\"@type\":\"ListItem\",\"position\":2,\"name\":\"Whistleblowing\"}]},{\"@type\":\"WebSite\",\"@id\":\"https:\\\/\\\/www.itasystem.com\\\/it\\\/#website\",\"url\":\"https:\\\/\\\/www.itasystem.com\\\/it\\\/\",\"name\":\"Itasystem\",\"description\":\"\",\"publisher\":{\"@id\":\"https:\\\/\\\/www.itasystem.com\\\/it\\\/#organization\"},\"potentialAction\":[{\"@type\":\"SearchAction\",\"target\":{\"@type\":\"EntryPoint\",\"urlTemplate\":\"https:\\\/\\\/www.itasystem.com\\\/it\\\/?s={search_term_string}\"},\"query-input\":{\"@type\":\"PropertyValueSpecification\",\"valueRequired\":true,\"valueName\":\"search_term_string\"}}],\"inLanguage\":\"it-IT\"},{\"@type\":\"Organization\",\"@id\":\"https:\\\/\\\/www.itasystem.com\\\/it\\\/#organization\",\"name\":\"Itasystem\",\"url\":\"https:\\\/\\\/www.itasystem.com\\\/it\\\/\",\"logo\":{\"@type\":\"ImageObject\",\"inLanguage\":\"it-IT\",\"@id\":\"https:\\\/\\\/www.itasystem.com\\\/it\\\/#\\\/schema\\\/logo\\\/image\\\/\",\"url\":\"https:\\\/\\\/www.itasystem.com\\\/it\\\/wp-content\\\/uploads\\\/sites\\\/3\\\/logo-itasystem.webp\",\"contentUrl\":\"https:\\\/\\\/www.itasystem.com\\\/it\\\/wp-content\\\/uploads\\\/sites\\\/3\\\/logo-itasystem.webp\",\"width\":696,\"height\":696,\"caption\":\"Itasystem\"},\"image\":{\"@id\":\"https:\\\/\\\/www.itasystem.com\\\/it\\\/#\\\/schema\\\/logo\\\/image\\\/\"},\"sameAs\":[\"https:\\\/\\\/www.facebook.com\\\/Itasystem?locale=it_IT\",\"https:\\\/\\\/www.instagram.com\\\/itasystem.official\\\/\",\"https:\\\/\\\/www.linkedin.com\\\/company\\\/itasystem-srl\\\/?originalSubdomain=it\"]}]}<\/script>\n<!-- \/ Yoast SEO plugin. -->","yoast_head_json":{"title":"Whistleblowing | Itasystem IT","robots":{"index":"noindex","follow":"nofollow"},"og_locale":"it_IT","og_type":"article","og_title":"Whistleblowing | Itasystem IT","og_description":"Canale di segnalazione \u00c8 attiva una nuova piattaforma per la segnalazione di violazioni e di irregolarit\u00e0 nell\u2019ambito delle attivit\u00e0 dell\u2019Azienda che, attraverso modalit\u00e0 informatiche e strumenti di crittografia, garantisce la riservatezza dell\u2019identit\u00e0 del segnalante, delle persone coinvolte, nonch\u00e9 del contenuto della segnalazione e della relativa documentazione. &nbsp; &nbsp; La gestione delle segnalazioni \u00e8 regolamentata dalla &hellip; Continua","og_url":"https:\/\/www.itasystem.com\/it\/whistleblowing\/","og_site_name":"Itasystem IT","article_publisher":"https:\/\/www.facebook.com\/Itasystem?locale=it_IT","article_modified_time":"2024-08-30T13:06:55+00:00","og_image":[{"width":1920,"height":1080,"url":"https:\/\/www.itasystem.com\/it\/wp-content\/uploads\/sites\/3\/Headder-sigilli-e-etichette.jpg","type":"image\/jpeg"}],"twitter_card":"summary_large_image","twitter_misc":{"Tempo di lettura stimato":"1 minuto"},"schema":{"@context":"https:\/\/schema.org","@graph":[{"@type":"WebPage","@id":"https:\/\/www.itasystem.com\/it\/whistleblowing\/","url":"https:\/\/www.itasystem.com\/it\/whistleblowing\/","name":"Whistleblowing | Itasystem IT","isPartOf":{"@id":"https:\/\/www.itasystem.com\/it\/#website"},"datePublished":"2024-08-30T09:33:14+00:00","dateModified":"2024-08-30T13:06:55+00:00","breadcrumb":{"@id":"https:\/\/www.itasystem.com\/it\/whistleblowing\/#breadcrumb"},"inLanguage":"it-IT","potentialAction":[{"@type":"ReadAction","target":["https:\/\/www.itasystem.com\/it\/whistleblowing\/"]}]},{"@type":"BreadcrumbList","@id":"https:\/\/www.itasystem.com\/it\/whistleblowing\/#breadcrumb","itemListElement":[{"@type":"ListItem","position":1,"name":"Home","item":"https:\/\/www.itasystem.com\/it\/"},{"@type":"ListItem","position":2,"name":"Whistleblowing"}]},{"@type":"WebSite","@id":"https:\/\/www.itasystem.com\/it\/#website","url":"https:\/\/www.itasystem.com\/it\/","name":"Itasystem","description":"","publisher":{"@id":"https:\/\/www.itasystem.com\/it\/#organization"},"potentialAction":[{"@type":"SearchAction","target":{"@type":"EntryPoint","urlTemplate":"https:\/\/www.itasystem.com\/it\/?s={search_term_string}"},"query-input":{"@type":"PropertyValueSpecification","valueRequired":true,"valueName":"search_term_string"}}],"inLanguage":"it-IT"},{"@type":"Organization","@id":"https:\/\/www.itasystem.com\/it\/#organization","name":"Itasystem","url":"https:\/\/www.itasystem.com\/it\/","logo":{"@type":"ImageObject","inLanguage":"it-IT","@id":"https:\/\/www.itasystem.com\/it\/#\/schema\/logo\/image\/","url":"https:\/\/www.itasystem.com\/it\/wp-content\/uploads\/sites\/3\/logo-itasystem.webp","contentUrl":"https:\/\/www.itasystem.com\/it\/wp-content\/uploads\/sites\/3\/logo-itasystem.webp","width":696,"height":696,"caption":"Itasystem"},"image":{"@id":"https:\/\/www.itasystem.com\/it\/#\/schema\/logo\/image\/"},"sameAs":["https:\/\/www.facebook.com\/Itasystem?locale=it_IT","https:\/\/www.instagram.com\/itasystem.official\/","https:\/\/www.linkedin.com\/company\/itasystem-srl\/?originalSubdomain=it"]}]}},"_links":{"self":[{"href":"https:\/\/www.itasystem.com\/it\/wp-json\/wp\/v2\/pages\/1808","targetHints":{"allow":["GET"]}}],"collection":[{"href":"https:\/\/www.itasystem.com\/it\/wp-json\/wp\/v2\/pages"}],"about":[{"href":"https:\/\/www.itasystem.com\/it\/wp-json\/wp\/v2\/types\/page"}],"author":[{"embeddable":true,"href":"https:\/\/www.itasystem.com\/it\/wp-json\/wp\/v2\/users\/1"}],"replies":[{"embeddable":true,"href":"https:\/\/www.itasystem.com\/it\/wp-json\/wp\/v2\/comments?post=1808"}],"version-history":[{"count":12,"href":"https:\/\/www.itasystem.com\/it\/wp-json\/wp\/v2\/pages\/1808\/revisions"}],"predecessor-version":[{"id":1835,"href":"https:\/\/www.itasystem.com\/it\/wp-json\/wp\/v2\/pages\/1808\/revisions\/1835"}],"wp:attachment":[{"href":"https:\/\/www.itasystem.com\/it\/wp-json\/wp\/v2\/media?parent=1808"}],"curies":[{"name":"wp","href":"https:\/\/api.w.org\/{rel}","templated":true}]}}